{"id":257,"date":"2018-07-03T15:55:52","date_gmt":"2018-07-03T12:55:52","guid":{"rendered":"http:\/\/sanatustudemo.site\/onerkonteyner\/?post_type=product&#038;p=257"},"modified":"2023-04-27T15:40:56","modified_gmt":"2023-04-27T12:40:56","slug":"one-1006-plastik-cop-konteyner-1100-litre","status":"publish","type":"product","link":"https:\/\/onerkonteyner.com.tr\/ru\/urun\/one-1006-plastik-cop-konteyner-1100-litre\/","title":{"rendered":"ONE 1006 &#8212; \u043f\u043b\u0430\u0441\u0442\u0438\u043a\u043e\u0432\u044b\u0439 \u043a\u043e\u043d\u0442\u0435\u0439\u043d\u0435\u0440 \u0434\u043b\u044f \u043c\u0443\u0441\u043e\u0440\u0430 1100 \u043b\u0438\u0442\u0440\u043e\u0432"},"content":{"rendered":"","protected":false},"excerpt":{"rendered":"<ul>\n<li class=\"flex-viewport\">\u0418\u0441\u043f\u043e\u043b\u044c\u0437\u0443\u0435\u043c\u043e\u0435 \u0441\u044b\u0440\u044c\u0435 \u0443\u0441\u0442\u043e\u0439\u0447\u0438\u0432\u043e \u043a \u0441\u043e\u043b\u043d\u0435\u0447\u043d\u043e\u043c\u0443 \u0441\u0432\u0435\u0442\u0443, \u0436\u0430\u0440\u0435 \u0438 \u0445\u043e\u043b\u043e\u0434\u0443.<\/li>\n<li class=\"flex-viewport\">\u041e\u043f\u0446\u0438\u043e\u043d\u0430\u043b\u044c\u043d\u043e \u043c\u043e\u0436\u043d\u043e \u0434\u043e\u0431\u0430\u0432\u0438\u0442\u044c \u0441\u0438\u0441\u0442\u0435\u043c\u0443 \u043c\u0430\u0433\u043d\u0438\u0442\u043d\u043e\u0433\u043e \u0437\u0430\u043c\u043a\u0430.<\/li>\n<li class=\"flex-viewport\">\u0418\u043c\u0435\u0435\u0442 \u0441\u0432\u043e\u0439\u0441\u0442\u0432\u0430 \u043f\u0440\u043e\u043f\u0443\u0441\u043a\u0430\u0442\u044c \u043c\u0443\u0441\u043e\u0440<span class=\"Apple-converted-space\">\u00a0 <\/span>\u043c\u0435\u0436\u0434\u0443 \u043e\u0442\u0445\u043e\u0434\u0430\u043c\u0438.<\/li>\n<li class=\"flex-viewport\">\u041f\u043e \u0436\u0435\u043b\u0430\u043d\u0438\u044e \u043c\u043e\u0436\u0435\u0442 \u0431\u044b\u0442\u044c \u0434\u043e\u0431\u0430\u0432\u043b\u0435\u043d\u0430 \u043f\u0435\u0434\u0430\u043b\u044c.<\/li>\n<\/ul>\n<p><img decoding=\"async\" loading=\"lazy\" class=\"alignnone size-medium wp-image-241\" src=\"https:\/\/onerkonteyner.com.tr\/wp-content\/uploads\/2018\/07\/standart_renkler-300x120.jpg\" alt=\"\u00c7\u00f6p konteyner,galvaniz konteyner,metal konteyner,plastik konteyner,s\u0131cak dald\u0131rma galvaniz konteyner,geri d\u00f6n\u00fc\u015f\u00fcm kutular\u0131,d\u0131\u015f mekan \u00e7\u00f6p kovalar\u0131 - Renk Se\u00e7enekleri\" width=\"300\" height=\"120\" srcset=\"https:\/\/onerkonteyner.com.tr\/wp-content\/uploads\/2018\/07\/standart_renkler-300x120.jpg 300w, https:\/\/onerkonteyner.com.tr\/wp-content\/uploads\/2018\/07\/standart_renkler.jpg 350w\" sizes=\"(max-width: 300px) 100vw, 300px\" \/><\/p>\n","protected":false},"featured_media":1602,"template":"","meta":[],"product_cat":[18],"product_tag":[],"_links":{"self":[{"href":"https:\/\/onerkonteyner.com.tr\/ru\/wp-json\/wp\/v3\/product\/257"}],"collection":[{"href":"https:\/\/onerkonteyner.com.tr\/ru\/wp-json\/wp\/v3\/product"}],"about":[{"href":"https:\/\/onerkonteyner.com.tr\/ru\/wp-json\/wp\/v2\/types\/product"}],"wp:featuredmedia":[{"embeddable":true,"href":"https:\/\/onerkonteyner.com.tr\/ru\/wp-json\/wp\/v2\/media\/1602"}],"wp:attachment":[{"href":"https:\/\/onerkonteyner.com.tr\/ru\/wp-json\/wp\/v2\/media?parent=257"}],"wp:term":[{"taxonomy":"product_cat","embeddable":true,"href":"https:\/\/onerkonteyner.com.tr\/ru\/wp-json\/wp\/v2\/product_cat?post=257"},{"taxonomy":"product_tag","embeddable":true,"href":"https:\/\/onerkonteyner.com.tr\/ru\/wp-json\/wp\/v2\/product_tag?post=257"}],"curies":[{"name":"wp","href":"https:\/\/api.w.org\/{rel}","templated":true}]}}