{"id":606,"date":"2018-10-04T16:15:12","date_gmt":"2018-10-04T13:15:12","guid":{"rendered":"https:\/\/onerkonteyner.com.tr\/?post_type=product&#038;p=606"},"modified":"2018-10-04T16:16:24","modified_gmt":"2018-10-04T13:16:24","slug":"one-303-sicak-daldirma-galvaniz-kaplama-cop-konteyneri-800-litre-2","status":"publish","type":"product","link":"https:\/\/onerkonteyner.com.tr\/ru\/urun\/one-303-sicak-daldirma-galvaniz-kaplama-cop-konteyneri-800-litre-2\/","title":{"rendered":"ONE 303 \u2013 S\u0131cak Dald\u0131rma Galvaniz Kaplama \u00c7\u00f6p Konteyneri 800 Litre"},"content":{"rendered":"","protected":false},"excerpt":{"rendered":"<p><strong>Teknik \u00d6zellikler<\/strong><\/p>\n<ul>\n<li>G\u00f6vde 2 mm. tek par\u00e7a satan k\u0131vr\u0131l\u0131p, g\u00f6vde ve yanlar preslenerek mukavemeti artt\u0131r\u0131lm\u0131\u015ft\u0131r. G\u00f6vde yan\u0131 1,5 cm. b\u00fck\u00fclerek g\u00f6vdeyi d\u0131\u015ftan kavray\u0131p taban k\u00f6\u015feler radiusludur.<\/li>\n<li>G\u00f6vde a\u011fz\u0131 25 x 50 mm. U profille \u00e7evrilidir.<\/li>\n<li>G\u00f6vde komple gaz alt\u0131 kayna\u011f\u0131 ile c\u00fcrufuz kaynat\u0131lm\u0131\u015ft\u0131r.<\/li>\n<li>Ara\u00e7 \u00fczerindeki kald\u0131rma kollar\u0131na uygun kald\u0131rma kulplar\u0131 45 x 10 cm. ebad\u0131nda 4 mm. sa\u00e7tan delinerek 16 mm. yuvarlak kulp, alttan ve \u00fcstten kaynat\u0131larak g\u00f6vdeye kaynat\u0131lm\u0131\u015ft\u0131r.<\/li>\n<li>Kapak 1,5 mm. tek par\u00e7a sa\u00e7tan s\u0131vanarak mukavemetli ve estetik olmas\u0131 sa\u011flanm\u0131\u015ft\u0131r.<\/li>\n<li>Kapakta a\u00e7ma kulpu, dayama ile kilit olup i\u00e7ten mukavemet art\u0131r\u0131c\u0131 profil takviyelidir.<\/li>\n<li>Ta\u015f\u0131y\u0131c\u0131 4 adet Geni\u015f Ma\u015fal\u0131 360\u00b0 d\u00f6nerli 160 x 45 ebad\u0131nda ma\u015fa sac\u0131 4 mm. TS EN 12532 standard\u0131na uygun teker kullan\u0131lm\u0131\u015ft\u0131r. Teker ba\u011flant\u0131 ayak sac\u0131 4 mm\u2019dir.<\/li>\n<li>Konteyner, Teknik Resim ve Teknik \u00d6zelliklere uygun imal edilerek komple S\u0131cak Dald\u0131rma Galvanizleme sistemi ile TS 914 EN ISO 1461 standard\u0131na uygun galvanizlenmi\u015ftir.<\/li>\n<li>Konteyner TS EN 840-2 Standart Uygunluk Belgelidir.<\/li>\n<li>\u00d6n y\u00fczeye; Belediye ismi, \u00c7\u00f6p Atan insan fig\u00fcr\u00fc ve \u00c7evremizi Temiz Tutal\u0131m slogan\u0131 yaz\u0131l\u0131r.<\/li>\n<li>Galvaniz kaplama kal\u0131nl\u0131\u011f\u0131 10 mikrondur. S\u0131cak Dald\u0131rma Galvanizde ise konteyner imal edilip, kaynak i\u015flemleri tamamland\u0131ktan sonra komple SICAK DALDIRMA GALVAN\u0130ZLEME sistemi ile t\u00fcm y\u00fczey (kaynaklar dahil) 80 \u2013 90 mikron kal\u0131nl\u0131\u011f\u0131nda galvanizlenip, uzun \u00f6m\u00fcrl\u00fcl\u00fck sa\u011flanm\u0131\u015f olur.<\/li>\n<\/ul>\n","protected":false},"featured_media":610,"template":"","meta":[],"product_cat":[16],"product_tag":[],"_links":{"self":[{"href":"https:\/\/onerkonteyner.com.tr\/ru\/wp-json\/wp\/v3\/product\/606"}],"collection":[{"href":"https:\/\/onerkonteyner.com.tr\/ru\/wp-json\/wp\/v3\/product"}],"about":[{"href":"https:\/\/onerkonteyner.com.tr\/ru\/wp-json\/wp\/v2\/types\/product"}],"wp:featuredmedia":[{"embeddable":true,"href":"https:\/\/onerkonteyner.com.tr\/ru\/wp-json\/wp\/v2\/media\/610"}],"wp:attachment":[{"href":"https:\/\/onerkonteyner.com.tr\/ru\/wp-json\/wp\/v2\/media?parent=606"}],"wp:term":[{"taxonomy":"product_cat","embeddable":true,"href":"https:\/\/onerkonteyner.com.tr\/ru\/wp-json\/wp\/v2\/product_cat?post=606"},{"taxonomy":"product_tag","embeddable":true,"href":"https:\/\/onerkonteyner.com.tr\/ru\/wp-json\/wp\/v2\/product_tag?post=606"}],"curies":[{"name":"wp","href":"https:\/\/api.w.org\/{rel}","templated":true}]}}